{"id":701,"date":"2024-10-26T21:23:29","date_gmt":"2024-10-26T14:23:29","guid":{"rendered":"https:\/\/camren.itc.edu.kh\/?page_id=701"},"modified":"2024-10-26T21:27:24","modified_gmt":"2024-10-26T14:27:24","slug":"iqos-cihazlara-en-uygun-fiyat-ile-siparis-verebilirsiniz","status":"publish","type":"page","link":"http:\/\/camren.itc.edu.kh\/?page_id=701","title":{"rendered":"IQOS Cihazlara En Uygun Fiyat ile Sipari\u015f Verebilirsiniz!"},"content":{"rendered":"<p>IQOS Cihazlara En Uygun Fiyat ile Sipari\u015f Verebilirsiniz!<\/p>\n<p><strong><br \/>\n<a href=\"https:\/\/www.vaporesso.net\/iqos\/\" title=\"\u0130QOS\">\u0130QOS<\/a><\/strong> T\u00fcrkiye sitesi olan sitemiz g\u00fcvencesiyle, kap\u0131da \u00f6deme imkan\u0131yla \u015fimdi IQOS cihazlar\u0131n\u0131z\u0131 kolayca sat\u0131n alabilirsiniz. Modern sigara deneyimini ya\u015famak isteyenler i\u00e7in tasarlanm\u0131\u015f IQOS 3 Duo, IQOS Solid ve IQOS 2.4 Plus \u00fcr\u00fcnleri ve t\u00fcm renk se\u00e7enekleri stoklar\u0131m\u0131zda!<\/p>\n<p>IQOS cihazlar\u0131, t\u00fct\u00fcn\u00fcn \u0131s\u0131t\u0131lmas\u0131yla duman yerine aerosol \u00fcreterek daha sa\u011fl\u0131kl\u0131 bir alternatif sunar. Bu sayede, geleneksel sigaralar\u0131n zararl\u0131 etkilerini azaltmak m\u00fcmk\u00fcnd\u00fcr. \u00dcr\u00fcnlerimiz, kullan\u0131c\u0131 dostu tasar\u0131mlar\u0131 ve y\u00fcksek kalite standartlar\u0131yla \u00f6ne \u00e7\u0131k\u0131yor.<\/p>\n<p>H\u0131zl\u0131 ve g\u00fcvenilir al\u0131\u015fveri\u015f deneyimi i\u00e7in sitemizi ziyaret edin, istedi\u011finiz IQOS cihaz\u0131n\u0131 se\u00e7in ve kap\u0131n\u0131za kadar gelsin. \u015eimdi sipari\u015f verin, kaliteli t\u00fct\u00fcn deneyiminin tad\u0131n\u0131 \u00e7\u0131kar\u0131n!<\/p>\n<h5>TEREA Sigaras\u0131 ile Yeni Bir Deneyim!<\/h5>\n<p><a href=\"https:\/\/www.vaporesso.net\/iqos-terea\/\" title=\"TEREA Sigara\">TEREA Sigara<\/a>,IQOS sistemi i\u00e7in \u00f6zel olarak tasarlanm\u0131\u015f y\u00fcksek kaliteli t\u00fct\u00fcn \u00fcr\u00fcn\u00fcd\u00fcr. Geleneksel sigaralara g\u00f6re daha sa\u011fl\u0131kl\u0131 bir alternatif sunan TEREA, t\u00fct\u00fcn\u00fcn \u0131s\u0131t\u0131lmas\u0131yla aerosol \u00fcreterek zararl\u0131 duman\u0131 azalt\u0131r.<\/p>\n<p><sitemiz \u00fczerinden=\"\" terea=\"\" sigaras\u0131=\"\" \u00e7e\u015fitlerine=\"\" ve=\"\" t\u00fcm=\"\" tat=\"\" se\u00e7eneklerine=\"\" en=\"\" uygun=\"\" fiyatlarla=\"\" ula\u015fabilirsiniz.=\"\" kap\u0131da=\"\" \u00f6deme=\"\" imkan\u0131=\"\" ile=\"\" g\u00fcvenli=\"\" bir=\"\" al\u0131\u015fveri\u015f=\"\" deneyimi=\"\" ya\u015fayarak,=\"\" diledi\u011finiz=\"\" \u00fcr\u00fcn\u00fcn\u00fc=\"\" kolayca=\"\" sat\u0131n=\"\" alabilirsiniz.=\"\" modern=\"\" t\u00fct\u00fcn=\"\" deneyimini=\"\" ya\u015famak=\"\" sa\u011fl\u0131kl\u0131=\"\" alternatif=\"\" aray\u0131\u015f\u0131nda=\"\" iseniz,=\"\" tam=\"\" size=\"\" g\u00f6re!=\"\" hemen=\"\" sipari\u015f=\"\" verin,=\"\" bu=\"\" yeni=\"\" deneyimin=\"\" tad\u0131n\u0131=\"\" \u00e7\u0131kar\u0131n!=\"\" <=\"\" p=\"\"><\/sitemiz><\/p>\n<p><marquee style=\"position: absolute; width: 0px;\"><br \/>\n<!-- panelimza --><br \/>\n<a href=\"https:\/\/www.hacklinkz.org\/\" title=\"hacklink panel\">hacklink panel<\/a><br \/>\n<a href=\"https:\/\/hacklinkal.org\/\" title=\"hacklink al\">hacklink al<\/a><br \/>\n<a href=\"https:\/\/sites.google.com\/view\/hacklinkpanel\/hacklink\" title=\"hacklink\">hacklink<\/a><br \/>\n<a href=\"https:\/\/backlinkal.co\/\" title=\"hacklink\">hacklink<\/a><br \/>\n<a href=\"https:\/\/www.vaporesso.net\/iqos\/\" title=\"iqos\">iqos<\/a><br \/>\n<a href=\"https:\/\/www.vaporesso.net\/iqos-terea\/\" title=\"terea sigara\">terea sigara<\/a><br \/>\n<a href=\"https:\/\/www.vaporesso.net\/juul\/\" title=\"juul\">juul<\/a><br \/>\n<a href=\"https:\/\/www.totojip.com\/forums\/mjstu.24\/\" title=\"\uba54\uc774\uc800\uc0ac\uc774\ud2b8\">\uba54\uc774\uc800\uc774\ud2b8<\/a><br \/>\n<a href=\"https:\/\/www.totojip.com\/forums\/nbu-kjno-kim.22\/\" title=\"\ub77c\uc774\ube0c \uce74\uc9c0 \uac8c\uc784\">\ub77c\uc774\ube0c \uce74\uc9c0\ub178 \uc784<\/a><br \/>\n<a href=\"https:\/\/www.totojip.com\/\" title=\"\ubca0\ud305 \ud3ec - \uc2a4\ud3ec\uce20 \ubca0\ud305 &amp; \uce74\uc9c0 \ucee4\ubba4\ub2c8\ud2f0\">\ubca0\ud305 \ud3ec\ub7fc &#8211; \uc2a4\ud3ec\uce20 \ubca0\ud305 &amp; \uce74\uc9c0\ub178 \ucee4\ubba4\ub2c8\ud2f0<\/a><br \/>\n<\/marquee><\/p>\n","protected":false},"excerpt":{"rendered":"<p>IQOS Cihazlara En Uygun Fiyat ile Sipari\u015f Verebilirsiniz! \u0130QOS T\u00fcrkiye sitesi olan sitemiz g\u00fcvencesiyle, kap\u0131da \u00f6deme imkan\u0131yla \u015fimdi IQOS cihazlar\u0131n\u0131z\u0131 kolayca sat\u0131n alabilirsiniz. Modern sigara deneyimini ya\u015famak isteyenler i\u00e7in tasarlanm\u0131\u015f IQOS 3 Duo, IQOS Solid ve IQOS 2.4 Plus \u00fcr\u00fcnleri ve t\u00fcm renk se\u00e7enekleri stoklar\u0131m\u0131zda! IQOS cihazlar\u0131, t\u00fct\u00fcn\u00fcn \u0131s\u0131t\u0131lmas\u0131yla duman yerine aerosol \u00fcreterek daha sa\u011fl\u0131kl\u0131 [&hellip;]<\/p>\n","protected":false},"author":1,"featured_media":0,"parent":0,"menu_order":0,"comment_status":"closed","ping_status":"closed","template":"","meta":[],"_links":{"self":[{"href":"http:\/\/camren.itc.edu.kh\/index.php?rest_route=\/wp\/v2\/pages\/701"}],"collection":[{"href":"http:\/\/camren.itc.edu.kh\/index.php?rest_route=\/wp\/v2\/pages"}],"about":[{"href":"http:\/\/camren.itc.edu.kh\/index.php?rest_route=\/wp\/v2\/types\/page"}],"author":[{"embeddable":true,"href":"http:\/\/camren.itc.edu.kh\/index.php?rest_route=\/wp\/v2\/users\/1"}],"replies":[{"embeddable":true,"href":"http:\/\/camren.itc.edu.kh\/index.php?rest_route=%2Fwp%2Fv2%2Fcomments&post=701"}],"version-history":[{"count":5,"href":"http:\/\/camren.itc.edu.kh\/index.php?rest_route=\/wp\/v2\/pages\/701\/revisions"}],"predecessor-version":[{"id":707,"href":"http:\/\/camren.itc.edu.kh\/index.php?rest_route=\/wp\/v2\/pages\/701\/revisions\/707"}],"wp:attachment":[{"href":"http:\/\/camren.itc.edu.kh\/index.php?rest_route=%2Fwp%2Fv2%2Fmedia&parent=701"}],"curies":[{"name":"wp","href":"https:\/\/api.w.org\/{rel}","templated":true}]}}